{"id":2990,"date":"2023-05-22T15:05:51","date_gmt":"2023-05-22T15:05:51","guid":{"rendered":"https:\/\/isteka.is\/framleidsla\/blood-from-farms\/"},"modified":"2023-11-14T12:57:54","modified_gmt":"2023-11-14T12:57:54","slug":"blod-fra-baendum","status":"publish","type":"page","link":"https:\/\/isteka.is\/is\/manufacture\/framleidsla\/blod-fra-baendum\/","title":{"rendered":"Bl\u00f3\u00f0 fr\u00e1 b\u00e6ndum"},"content":{"rendered":"","protected":false},"excerpt":{"rendered":"","protected":false},"author":1,"featured_media":0,"parent":2948,"menu_order":0,"comment_status":"closed","ping_status":"closed","template":"","meta":{"_acf_changed":false,"_monsterinsights_skip_tracking":false,"_monsterinsights_sitenote_active":false,"_monsterinsights_sitenote_note":"","_monsterinsights_sitenote_category":0,"footnotes":""},"class_list":["post-2990","page","type-page","status-publish","hentry"],"acf":[],"_links":{"self":[{"href":"https:\/\/isteka.is\/is\/wp-json\/wp\/v2\/pages\/2990","targetHints":{"allow":["GET"]}}],"collection":[{"href":"https:\/\/isteka.is\/is\/wp-json\/wp\/v2\/pages"}],"about":[{"href":"https:\/\/isteka.is\/is\/wp-json\/wp\/v2\/types\/page"}],"author":[{"embeddable":true,"href":"https:\/\/isteka.is\/is\/wp-json\/wp\/v2\/users\/1"}],"replies":[{"embeddable":true,"href":"https:\/\/isteka.is\/is\/wp-json\/wp\/v2\/comments?post=2990"}],"version-history":[{"count":4,"href":"https:\/\/isteka.is\/is\/wp-json\/wp\/v2\/pages\/2990\/revisions"}],"predecessor-version":[{"id":3300,"href":"https:\/\/isteka.is\/is\/wp-json\/wp\/v2\/pages\/2990\/revisions\/3300"}],"up":[{"embeddable":true,"href":"https:\/\/isteka.is\/is\/wp-json\/wp\/v2\/pages\/2948"}],"wp:attachment":[{"href":"https:\/\/isteka.is\/is\/wp-json\/wp\/v2\/media?parent=2990"}],"curies":[{"name":"wp","href":"https:\/\/api.w.org\/{rel}","templated":true}]}}