{"id":2986,"date":"2023-05-15T11:34:34","date_gmt":"2023-05-15T11:34:34","guid":{"rendered":"https:\/\/isteka.is\/reproduction-management\/value-of-ecg-in-farming\/"},"modified":"2023-11-10T13:51:00","modified_gmt":"2023-11-10T13:51:00","slug":"value-of-ecg-in-farming","status":"publish","type":"page","link":"https:\/\/isteka.is\/is\/ecg\/reproduction-management\/value-of-ecg-in-farming\/","title":{"rendered":"Gildi eCG \u00ed landb\u00fana\u00f0i"},"content":{"rendered":"","protected":false},"excerpt":{"rendered":"","protected":false},"author":3,"featured_media":0,"parent":2942,"menu_order":0,"comment_status":"closed","ping_status":"closed","template":"","meta":{"_acf_changed":false,"_monsterinsights_skip_tracking":false,"_monsterinsights_sitenote_active":false,"_monsterinsights_sitenote_note":"","_monsterinsights_sitenote_category":0,"footnotes":""},"class_list":["post-2986","page","type-page","status-publish","hentry"],"acf":[],"_links":{"self":[{"href":"https:\/\/isteka.is\/is\/wp-json\/wp\/v2\/pages\/2986","targetHints":{"allow":["GET"]}}],"collection":[{"href":"https:\/\/isteka.is\/is\/wp-json\/wp\/v2\/pages"}],"about":[{"href":"https:\/\/isteka.is\/is\/wp-json\/wp\/v2\/types\/page"}],"author":[{"embeddable":true,"href":"https:\/\/isteka.is\/is\/wp-json\/wp\/v2\/users\/3"}],"replies":[{"embeddable":true,"href":"https:\/\/isteka.is\/is\/wp-json\/wp\/v2\/comments?post=2986"}],"version-history":[{"count":8,"href":"https:\/\/isteka.is\/is\/wp-json\/wp\/v2\/pages\/2986\/revisions"}],"predecessor-version":[{"id":3268,"href":"https:\/\/isteka.is\/is\/wp-json\/wp\/v2\/pages\/2986\/revisions\/3268"}],"up":[{"embeddable":true,"href":"https:\/\/isteka.is\/is\/wp-json\/wp\/v2\/pages\/2942"}],"wp:attachment":[{"href":"https:\/\/isteka.is\/is\/wp-json\/wp\/v2\/media?parent=2986"}],"curies":[{"name":"wp","href":"https:\/\/api.w.org\/{rel}","templated":true}]}}