{"id":2980,"date":"2023-01-13T14:03:39","date_gmt":"2023-01-13T14:03:39","guid":{"rendered":"https:\/\/isteka.is\/about-ecg\/secretion-into-blood-of-pregnant-mares\/"},"modified":"2023-11-10T13:25:16","modified_gmt":"2023-11-10T13:25:16","slug":"seyting-i-blod-fylfullra-hryssna","status":"publish","type":"page","link":"https:\/\/isteka.is\/is\/ecg\/um-ecg\/seyting-i-blod-fylfullra-hryssna\/","title":{"rendered":"Seyting \u00ed bl\u00f3\u00f0 fylfullra hryssna"},"content":{"rendered":"","protected":false},"excerpt":{"rendered":"","protected":false},"author":1,"featured_media":0,"parent":2936,"menu_order":0,"comment_status":"closed","ping_status":"closed","template":"","meta":{"_acf_changed":false,"_monsterinsights_skip_tracking":false,"_monsterinsights_sitenote_active":false,"_monsterinsights_sitenote_note":"","_monsterinsights_sitenote_category":0,"footnotes":""},"class_list":["post-2980","page","type-page","status-publish","hentry"],"acf":[],"_links":{"self":[{"href":"https:\/\/isteka.is\/is\/wp-json\/wp\/v2\/pages\/2980","targetHints":{"allow":["GET"]}}],"collection":[{"href":"https:\/\/isteka.is\/is\/wp-json\/wp\/v2\/pages"}],"about":[{"href":"https:\/\/isteka.is\/is\/wp-json\/wp\/v2\/types\/page"}],"author":[{"embeddable":true,"href":"https:\/\/isteka.is\/is\/wp-json\/wp\/v2\/users\/1"}],"replies":[{"embeddable":true,"href":"https:\/\/isteka.is\/is\/wp-json\/wp\/v2\/comments?post=2980"}],"version-history":[{"count":6,"href":"https:\/\/isteka.is\/is\/wp-json\/wp\/v2\/pages\/2980\/revisions"}],"predecessor-version":[{"id":3264,"href":"https:\/\/isteka.is\/is\/wp-json\/wp\/v2\/pages\/2980\/revisions\/3264"}],"up":[{"embeddable":true,"href":"https:\/\/isteka.is\/is\/wp-json\/wp\/v2\/pages\/2936"}],"wp:attachment":[{"href":"https:\/\/isteka.is\/is\/wp-json\/wp\/v2\/media?parent=2980"}],"curies":[{"name":"wp","href":"https:\/\/api.w.org\/{rel}","templated":true}]}}