{"id":2961,"date":"2023-09-11T13:13:51","date_gmt":"2023-09-11T13:13:51","guid":{"rendered":"https:\/\/isteka.is\/animal-welfare-ensured\/"},"modified":"2023-12-05T14:32:39","modified_gmt":"2023-12-05T14:32:39","slug":"dyravelferd-tryggd","status":"publish","type":"page","link":"https:\/\/isteka.is\/is\/animal-welfare\/dyravelferd-tryggd\/","title":{"rendered":"D\u00fdravelfer\u00f0 trygg\u00f0"},"content":{"rendered":"","protected":false},"excerpt":{"rendered":"","protected":false},"author":1,"featured_media":0,"parent":3165,"menu_order":0,"comment_status":"closed","ping_status":"closed","template":"","meta":{"_acf_changed":false,"_monsterinsights_skip_tracking":false,"_monsterinsights_sitenote_active":false,"_monsterinsights_sitenote_note":"","_monsterinsights_sitenote_category":0,"footnotes":""},"class_list":["post-2961","page","type-page","status-publish","hentry"],"acf":[],"_links":{"self":[{"href":"https:\/\/isteka.is\/is\/wp-json\/wp\/v2\/pages\/2961","targetHints":{"allow":["GET"]}}],"collection":[{"href":"https:\/\/isteka.is\/is\/wp-json\/wp\/v2\/pages"}],"about":[{"href":"https:\/\/isteka.is\/is\/wp-json\/wp\/v2\/types\/page"}],"author":[{"embeddable":true,"href":"https:\/\/isteka.is\/is\/wp-json\/wp\/v2\/users\/1"}],"replies":[{"embeddable":true,"href":"https:\/\/isteka.is\/is\/wp-json\/wp\/v2\/comments?post=2961"}],"version-history":[{"count":5,"href":"https:\/\/isteka.is\/is\/wp-json\/wp\/v2\/pages\/2961\/revisions"}],"predecessor-version":[{"id":3356,"href":"https:\/\/isteka.is\/is\/wp-json\/wp\/v2\/pages\/2961\/revisions\/3356"}],"up":[{"embeddable":true,"href":"https:\/\/isteka.is\/is\/wp-json\/wp\/v2\/pages\/3165"}],"wp:attachment":[{"href":"https:\/\/isteka.is\/is\/wp-json\/wp\/v2\/media?parent=2961"}],"curies":[{"name":"wp","href":"https:\/\/api.w.org\/{rel}","templated":true}]}}